{"id":1484,"date":"2025-11-28T18:57:57","date_gmt":"2025-11-28T18:57:57","guid":{"rendered":"https:\/\/acanre.com\/?post_type=product&#038;p=1484"},"modified":"2026-04-06T20:46:14","modified_gmt":"2026-04-06T20:46:14","slug":"oversized-sweater-2","status":"publish","type":"product","link":"https:\/\/acanre.com\/lt\/produktas\/oversized-sweater-2\/","title":{"rendered":"Oversized Sweater"},"content":{"rendered":"<p>Teddie megztinis \u2013 puikus pasirinkimas visus metus. Laisvas, apgaubiantis modelis su nuleistais pe\u010diais ir prailgintomis rankov\u0117mis suteikia komforto ir elegancijos. Kaklo, rankogali\u0173 ir apa\u010dios apdailai panaudotas rankinis pasl\u0117ptas siuvimo kra\u0161tas.<\/p>\n<p>Derinamas su<\/p>","protected":false},"excerpt":{"rendered":"<p>An easy layering piece for year-round wear, the Teddie sweater. The oversized, enveloping silhouette is designed with dropped shoulders and extended sleeves, and complete with hand-stitching blind hem stitch for neck, sleeve cuffs and bottom. Paired here with an<\/p>","protected":false},"featured_media":1497,"template":"","meta":{"jetpack_post_was_ever_published":false},"product_brand":[],"product_cat":[58,48,42],"product_tag":[],"class_list":{"0":"post-1484","1":"product","2":"type-product","3":"status-publish","4":"has-post-thumbnail","6":"product_cat-eternity","7":"product_cat-tops","8":"product_cat-view-all","9":"pa_height-cm-height-164-173","10":"pa_height-cm-height-174","11":"pa_height-cm-height-163","12":"pa_size-size-one","14":"first","15":"onbackorder","16":"shipping-taxable","17":"purchasable","18":"product-type-variable"},"yoast_head":"<!-- This site is optimized with the Yoast SEO plugin v26.7 - https:\/\/yoast.com\/wordpress\/plugins\/seo\/ -->\n<title>Oversized Sweater -<\/title>\n<meta name=\"robots\" content=\"index, follow, max-snippet:-1, max-image-preview:large, max-video-preview:-1\" \/>\n<link rel=\"canonical\" href=\"https:\/\/acanre.com\/lt\/produktas\/oversized-sweater-2\/\" \/>\n<meta property=\"og:locale\" content=\"lt_LT\" \/>\n<meta property=\"og:type\" content=\"article\" \/>\n<meta property=\"og:title\" content=\"Oversized Sweater -\" \/>\n<meta property=\"og:description\" content=\"An easy layering piece for year-round wear, the Teddie sweater. The oversized, enveloping silhouette is designed with dropped shoulders and extended sleeves, and complete with hand-stitching blind hem stitch for neck, sleeve cuffs and bottom. Paired here with an\" \/>\n<meta property=\"og:url\" content=\"https:\/\/acanre.com\/lt\/produktas\/oversized-sweater-2\/\" \/>\n<meta property=\"article:modified_time\" content=\"2026-04-06T20:46:14+00:00\" \/>\n<meta property=\"og:image\" content=\"https:\/\/i0.wp.com\/acanre.com\/wp-content\/uploads\/2025\/11\/lookbook-492-scaled.jpeg?fit=1865%2C2560&ssl=1\" \/>\n\t<meta property=\"og:image:width\" content=\"1865\" \/>\n\t<meta property=\"og:image:height\" content=\"2560\" \/>\n\t<meta property=\"og:image:type\" content=\"image\/jpeg\" \/>\n<meta name=\"twitter:card\" content=\"summary_large_image\" \/>\n<meta name=\"twitter:label1\" content=\"Est. reading time\" \/>\n\t<meta name=\"twitter:data1\" content=\"1 minut\u0117\" \/>\n<script type=\"application\/ld+json\" class=\"yoast-schema-graph\">{\"@context\":\"https:\/\/schema.org\",\"@graph\":[{\"@type\":\"WebPage\",\"@id\":\"https:\/\/acanre.com\/product\/oversized-sweater-2\/\",\"url\":\"https:\/\/acanre.com\/product\/oversized-sweater-2\/\",\"name\":\"Oversized Sweater -\",\"isPartOf\":{\"@id\":\"https:\/\/acanre.com\/#website\"},\"primaryImageOfPage\":{\"@id\":\"https:\/\/acanre.com\/product\/oversized-sweater-2\/#primaryimage\"},\"image\":{\"@id\":\"https:\/\/acanre.com\/product\/oversized-sweater-2\/#primaryimage\"},\"thumbnailUrl\":\"https:\/\/i0.wp.com\/acanre.com\/wp-content\/uploads\/2025\/11\/lookbook-492-scaled.jpeg?fit=1865%2C2560&ssl=1\",\"datePublished\":\"2025-11-28T18:57:57+00:00\",\"dateModified\":\"2026-04-06T20:46:14+00:00\",\"breadcrumb\":{\"@id\":\"https:\/\/acanre.com\/product\/oversized-sweater-2\/#breadcrumb\"},\"inLanguage\":\"lt-LT\",\"potentialAction\":[{\"@type\":\"ReadAction\",\"target\":[\"https:\/\/acanre.com\/product\/oversized-sweater-2\/\"]}]},{\"@type\":\"ImageObject\",\"inLanguage\":\"lt-LT\",\"@id\":\"https:\/\/acanre.com\/product\/oversized-sweater-2\/#primaryimage\",\"url\":\"https:\/\/i0.wp.com\/acanre.com\/wp-content\/uploads\/2025\/11\/lookbook-492-scaled.jpeg?fit=1865%2C2560&ssl=1\",\"contentUrl\":\"https:\/\/i0.wp.com\/acanre.com\/wp-content\/uploads\/2025\/11\/lookbook-492-scaled.jpeg?fit=1865%2C2560&ssl=1\",\"width\":1865,\"height\":2560},{\"@type\":\"BreadcrumbList\",\"@id\":\"https:\/\/acanre.com\/product\/oversized-sweater-2\/#breadcrumb\",\"itemListElement\":[{\"@type\":\"ListItem\",\"position\":1,\"name\":\"Home\",\"item\":\"https:\/\/acanre.com\/\"},{\"@type\":\"ListItem\",\"position\":2,\"name\":\"shop by category\",\"item\":\"https:\/\/acanre.com\/\"},{\"@type\":\"ListItem\",\"position\":3,\"name\":\"Oversized Sweater\"}]},{\"@type\":\"WebSite\",\"@id\":\"https:\/\/acanre.com\/#website\",\"url\":\"https:\/\/acanre.com\/\",\"name\":\"ACANRE\",\"description\":\"\",\"publisher\":{\"@id\":\"https:\/\/acanre.com\/#organization\"},\"potentialAction\":[{\"@type\":\"SearchAction\",\"target\":{\"@type\":\"EntryPoint\",\"urlTemplate\":\"https:\/\/acanre.com\/?s={search_term_string}\"},\"query-input\":{\"@type\":\"PropertyValueSpecification\",\"valueRequired\":true,\"valueName\":\"search_term_string\"}}],\"inLanguage\":\"lt-LT\"},{\"@type\":\"Organization\",\"@id\":\"https:\/\/acanre.com\/#organization\",\"name\":\"ACANRE\",\"url\":\"https:\/\/acanre.com\/\",\"logo\":{\"@type\":\"ImageObject\",\"inLanguage\":\"lt-LT\",\"@id\":\"https:\/\/acanre.com\/#\/schema\/logo\/image\/\",\"url\":\"https:\/\/acanre.com\/wp-content\/uploads\/2025\/10\/acanre-logo.svg\",\"contentUrl\":\"https:\/\/acanre.com\/wp-content\/uploads\/2025\/10\/acanre-logo.svg\",\"width\":500,\"height\":128,\"caption\":\"ACANRE\"},\"image\":{\"@id\":\"https:\/\/acanre.com\/#\/schema\/logo\/image\/\"}}]}<\/script>\n<!-- \/ Yoast SEO plugin. -->","yoast_head_json":{"title":"Oversized Sweater -","robots":{"index":"index","follow":"follow","max-snippet":"max-snippet:-1","max-image-preview":"max-image-preview:large","max-video-preview":"max-video-preview:-1"},"canonical":"https:\/\/acanre.com\/lt\/produktas\/oversized-sweater-2\/","og_locale":"lt_LT","og_type":"article","og_title":"Oversized Sweater -","og_description":"An easy layering piece for year-round wear, the Teddie sweater. The oversized, enveloping silhouette is designed with dropped shoulders and extended sleeves, and complete with hand-stitching blind hem stitch for neck, sleeve cuffs and bottom. Paired here with an","og_url":"https:\/\/acanre.com\/lt\/produktas\/oversized-sweater-2\/","article_modified_time":"2026-04-06T20:46:14+00:00","og_image":[{"width":1865,"height":2560,"url":"https:\/\/i0.wp.com\/acanre.com\/wp-content\/uploads\/2025\/11\/lookbook-492-scaled.jpeg?fit=1865%2C2560&ssl=1","type":"image\/jpeg"}],"twitter_card":"summary_large_image","twitter_misc":{"Est. reading time":"1 minut\u0117"},"schema":{"@context":"https:\/\/schema.org","@graph":[{"@type":"WebPage","@id":"https:\/\/acanre.com\/product\/oversized-sweater-2\/","url":"https:\/\/acanre.com\/product\/oversized-sweater-2\/","name":"Oversized Sweater -","isPartOf":{"@id":"https:\/\/acanre.com\/#website"},"primaryImageOfPage":{"@id":"https:\/\/acanre.com\/product\/oversized-sweater-2\/#primaryimage"},"image":{"@id":"https:\/\/acanre.com\/product\/oversized-sweater-2\/#primaryimage"},"thumbnailUrl":"https:\/\/i0.wp.com\/acanre.com\/wp-content\/uploads\/2025\/11\/lookbook-492-scaled.jpeg?fit=1865%2C2560&ssl=1","datePublished":"2025-11-28T18:57:57+00:00","dateModified":"2026-04-06T20:46:14+00:00","breadcrumb":{"@id":"https:\/\/acanre.com\/product\/oversized-sweater-2\/#breadcrumb"},"inLanguage":"lt-LT","potentialAction":[{"@type":"ReadAction","target":["https:\/\/acanre.com\/product\/oversized-sweater-2\/"]}]},{"@type":"ImageObject","inLanguage":"lt-LT","@id":"https:\/\/acanre.com\/product\/oversized-sweater-2\/#primaryimage","url":"https:\/\/i0.wp.com\/acanre.com\/wp-content\/uploads\/2025\/11\/lookbook-492-scaled.jpeg?fit=1865%2C2560&ssl=1","contentUrl":"https:\/\/i0.wp.com\/acanre.com\/wp-content\/uploads\/2025\/11\/lookbook-492-scaled.jpeg?fit=1865%2C2560&ssl=1","width":1865,"height":2560},{"@type":"BreadcrumbList","@id":"https:\/\/acanre.com\/product\/oversized-sweater-2\/#breadcrumb","itemListElement":[{"@type":"ListItem","position":1,"name":"Home","item":"https:\/\/acanre.com\/"},{"@type":"ListItem","position":2,"name":"shop by category","item":"https:\/\/acanre.com\/"},{"@type":"ListItem","position":3,"name":"Oversized Sweater"}]},{"@type":"WebSite","@id":"https:\/\/acanre.com\/#website","url":"https:\/\/acanre.com\/","name":"ACANRE","description":"","publisher":{"@id":"https:\/\/acanre.com\/#organization"},"potentialAction":[{"@type":"SearchAction","target":{"@type":"EntryPoint","urlTemplate":"https:\/\/acanre.com\/?s={search_term_string}"},"query-input":{"@type":"PropertyValueSpecification","valueRequired":true,"valueName":"search_term_string"}}],"inLanguage":"lt-LT"},{"@type":"Organization","@id":"https:\/\/acanre.com\/#organization","name":"ACANRE","url":"https:\/\/acanre.com\/","logo":{"@type":"ImageObject","inLanguage":"lt-LT","@id":"https:\/\/acanre.com\/#\/schema\/logo\/image\/","url":"https:\/\/acanre.com\/wp-content\/uploads\/2025\/10\/acanre-logo.svg","contentUrl":"https:\/\/acanre.com\/wp-content\/uploads\/2025\/10\/acanre-logo.svg","width":500,"height":128,"caption":"ACANRE"},"image":{"@id":"https:\/\/acanre.com\/#\/schema\/logo\/image\/"}}]}},"jetpack_sharing_enabled":true,"_links":{"self":[{"href":"https:\/\/acanre.com\/lt\/wp-json\/wp\/v2\/product\/1484","targetHints":{"allow":["GET"]}}],"collection":[{"href":"https:\/\/acanre.com\/lt\/wp-json\/wp\/v2\/product"}],"about":[{"href":"https:\/\/acanre.com\/lt\/wp-json\/wp\/v2\/types\/product"}],"wp:featuredmedia":[{"embeddable":true,"href":"https:\/\/acanre.com\/lt\/wp-json\/wp\/v2\/media\/1497"}],"wp:attachment":[{"href":"https:\/\/acanre.com\/lt\/wp-json\/wp\/v2\/media?parent=1484"}],"wp:term":[{"taxonomy":"product_brand","embeddable":true,"href":"https:\/\/acanre.com\/lt\/wp-json\/wp\/v2\/product_brand?post=1484"},{"taxonomy":"product_cat","embeddable":true,"href":"https:\/\/acanre.com\/lt\/wp-json\/wp\/v2\/product_cat?post=1484"},{"taxonomy":"product_tag","embeddable":true,"href":"https:\/\/acanre.com\/lt\/wp-json\/wp\/v2\/product_tag?post=1484"}],"curies":[{"name":"wp","href":"https:\/\/api.w.org\/{rel}","templated":true}]}}